{"id":850,"date":"2023-01-05T13:03:33","date_gmt":"2023-01-05T12:03:33","guid":{"rendered":"https:\/\/www.go4itevents.com\/bryllupsorganisasjon\/"},"modified":"2024-10-31T16:51:04","modified_gmt":"2024-10-31T15:51:04","slug":"bryllupsorganisasjon","status":"publish","type":"page","link":"https:\/\/www.go4itevents.com\/nn-no\/bryllupsorganisasjon\/","title":{"rendered":"Bryllups arrang\u00f8r"},"content":{"rendered":"<p>[et_pb_section fb_built=&raquo;1&#8243; custom_padding_last_edited=&raquo;off|tablet&raquo; admin_label=&raquo;Header&raquo; _builder_version=&raquo;4.19.4&#8243; _module_preset=&raquo;default&raquo; background_enable_color=&raquo;off&raquo; use_background_color_gradient=&raquo;on&raquo; background_color_gradient_direction=&raquo;90deg&raquo; background_color_gradient_stops=&raquo;#8300e9 0%|rgba(0,0,0,0) 100%&raquo; background_color_gradient_overlays_image=&raquo;on&raquo; background_color_gradient_start=&raquo;#8300e9&#8243; background_color_gradient_end=&raquo;rgba(0,0,0,0)&raquo; background_image=&raquo;https:\/\/www.go4itevents.com\/wp-content\/uploads\/banner-bodas-1.jpg&raquo; custom_padding=&raquo;10vw||0px||false|false&raquo; custom_padding_tablet=&raquo;||||false|false&raquo; top_divider_style=&raquo;wave&raquo; top_divider_color=&raquo;#000000&#8243; top_divider_height=&raquo;20px&raquo; top_divider_flip=&raquo;horizontal&raquo; global_colors_info=&raquo;{}&raquo;][et_pb_row _builder_version=&raquo;4.16&#8243; _module_preset=&raquo;default&raquo; global_colors_info=&raquo;{}&raquo;][et_pb_column type=&raquo;4_4&#8243; _builder_version=&raquo;4.16&#8243; _module_preset=&raquo;default&raquo; global_colors_info=&raquo;{}&raquo;][et_pb_text _builder_version=&raquo;4.19.4&#8243; _module_preset=&raquo;e598b17a-9229-42f6-b238-019d6094332e&raquo; header_font=&raquo;Roboto|500|||||||&raquo; header_text_color=&raquo;#FFFFFF&raquo; header_font_size=&raquo;80px&raquo; header_line_height=&raquo;1.15em&raquo; max_width=&raquo;800px&raquo; header_font_size_tablet=&raquo;40px&raquo; header_font_size_phone=&raquo;24px&raquo; header_font_size_last_edited=&raquo;on|desktop&raquo; locked=&raquo;off&raquo; global_colors_info=&raquo;{}&raquo;]<\/p>\n<h1>Bryllups arrang\u00f8r<\/h1>\n<p>[\/et_pb_text][et_pb_button button_url=&raquo;@ET-DC@eyJkeW5hbWljIjp0cnVlLCJjb250ZW50IjoicG9zdF9saW5rX3VybF9wYWdlIiwic2V0dGluZ3MiOnsicG9zdF9pZCI6Ijg3In19@&raquo; button_text=&raquo;Kontakt oss for mer informasjon&raquo; _builder_version=&raquo;4.19.4&#8243; _dynamic_attributes=&raquo;button_url&raquo; _module_preset=&raquo;ec1c8900-b8c6-4613-b437-dca1263aa061&#8243; custom_button=&raquo;on&raquo; button_text_size=&raquo;16px&raquo; button_text_color=&raquo;#000000&#8243; button_bg_color=&raquo;#FFFFFF&raquo; button_border_width=&raquo;0px&raquo; button_border_radius=&raquo;0px&raquo; button_font=&raquo;Roboto|700|||||||&raquo; custom_padding=&raquo;15px|30px|15px|30px|true|true&raquo; box_shadow_style=&raquo;preset3&#8243; box_shadow_vertical=&raquo;60px&raquo; box_shadow_blur=&raquo;60px&raquo; box_shadow_spread=&raquo;0px&raquo; box_shadow_color=&raquo;rgba(14,15,43,0.1)&raquo; locked=&raquo;off&raquo; global_colors_info=&raquo;{}&raquo;][\/et_pb_button][\/et_pb_column][\/et_pb_row][et_pb_row use_custom_gutter=&raquo;on&raquo; gutter_width=&raquo;1&#8243; make_equal=&raquo;on&raquo; _builder_version=&raquo;4.19.4&#8243; _module_preset=&raquo;default&raquo; width=&raquo;100%&raquo; max_width=&raquo;100%&raquo; custom_margin=&raquo;6vw||||false|false&raquo; custom_margin_tablet=&raquo;0px||||false|false&raquo; custom_margin_last_edited=&raquo;off|desktop&raquo; custom_padding=&raquo;0px||0px||true|false&raquo; global_colors_info=&raquo;{}&raquo;][et_pb_column type=&raquo;4_4&#8243; _builder_version=&raquo;4.16&#8243; _module_preset=&raquo;default&raquo; background_color=&raquo;rgba(242,55,170,0.8)&raquo; background_image=&raquo;https:\/\/www.go4itevents.com\/wp-content\/uploads\/high-school_50.png&raquo; background_size=&raquo;initial&raquo; background_position=&raquo;top_left&raquo; background_repeat=&raquo;repeat-x&raquo; custom_padding=&raquo;60px|30px|40px|30px|false|true&raquo; custom_padding_tablet=&raquo;40px|20px|20px|20px|false|true&raquo; custom_padding_phone=&raquo;40px|20px|20px|20px|false|true&raquo; custom_padding_last_edited=&raquo;on|desktop&raquo; global_colors_info=&raquo;{}&raquo;][et_pb_text _builder_version=&raquo;4.19.4&#8243; _module_preset=&raquo;7262e956-c376-4aa6-9642-c413f71527d0&#8243; text_text_color=&raquo;#FFFFFF&raquo; text_line_height=&raquo;1.8em&raquo; text_orientation=&raquo;center&raquo; header_font_size_tablet=&raquo;55px&raquo; header_font_size_last_edited=&raquo;off|desktop&raquo; locked=&raquo;off&raquo; global_colors_info=&raquo;{}&raquo;]<\/p>\n<p>Full organisering av bryllup Vi tar oss av all forberedelse av deres dr\u00f8mmebryllup i Spania for at dere skal v\u00e6re i trygge hender&#8230;..<\/p>\n<p>[\/et_pb_text][\/et_pb_column][\/et_pb_row][\/et_pb_section][et_pb_section fb_built=&raquo;1&#8243; custom_padding_last_edited=&raquo;on|tablet&raquo; admin_label=&raquo;Contact&raquo; _builder_version=&raquo;4.19.4&#8243; _module_preset=&raquo;default&raquo; background_color_gradient_direction=&raquo;90deg&raquo; background_color_gradient_start=&raquo;rgba(22,24,25,0)&raquo; background_color_gradient_start_position=&raquo;50%&raquo; background_color_gradient_end=&raquo;#161819&#8243; background_color_gradient_end_position=&raquo;50%&raquo; background_image=&raquo;https:\/\/www.go4itevents.com\/wp-content\/uploads\/banner-bodas-arriba-2.jpg&raquo; background_position=&raquo;top_left&raquo; custom_padding=&raquo;0px||0px||true|&raquo; custom_padding_tablet=&raquo;64px||||false|false&raquo; custom_padding_phone=&raquo;&raquo; background_last_edited=&raquo;on|phone&raquo; use_background_color_gradient_tablet=&raquo;on&raquo; use_background_color_gradient_phone=&raquo;on&raquo; background_color_gradient_stops_tablet=&raquo;rgba(22,24,25,0.4) 50%|#161819 50%&raquo; background_color_gradient_stops_phone=&raquo;rgba(22,24,25,0.4) 50%|#161819 50%&raquo; background_color_gradient_start_tablet=&raquo;rgba(22,24,25,0.4)&raquo; background_color_gradient_start_phone=&raquo;rgba(22,24,25,0.4)&raquo; background_color_gradient_end_position_tablet=&raquo;30%&raquo; background_color_gradient_end_position_phone=&raquo;30%&raquo; saved_tabs=&raquo;all&raquo; locked=&raquo;off&raquo; global_colors_info=&raquo;{}&raquo;][et_pb_row column_structure=&raquo;2_5,3_5&#8243; custom_padding_last_edited=&raquo;off|tablet&raquo; _builder_version=&raquo;4.16&#8243; _module_preset=&raquo;default&raquo; custom_padding=&raquo;0px||0px||true|false&raquo; box_shadow_style=&raquo;preset4&#8243; box_shadow_horizontal=&raquo;30vw&raquo; box_shadow_vertical=&raquo;0px&raquo; box_shadow_color=&raquo;#141414&#8243; global_colors_info=&raquo;{%22gcid-3f47e762-ddb9-4bcc-9a88-eb1cda6175db%22:%91%93}&raquo;][et_pb_column type=&raquo;2_5&#8243; _builder_version=&raquo;4.16&#8243; _module_preset=&raquo;default&raquo; global_colors_info=&raquo;{}&raquo;][\/et_pb_column][et_pb_column type=&raquo;3_5&#8243; _builder_version=&raquo;4.16&#8243; _module_preset=&raquo;default&raquo; background_color=&raquo;#141414&#8243; transform_translate=&raquo;1px|0px&raquo; transform_translate_linked=&raquo;off&raquo; custom_padding=&raquo;4vw||4vw|60px|true|false&raquo; custom_padding_tablet=&raquo;4vw||4vw|30px|true|false&raquo; custom_padding_phone=&raquo;|||20px|true|false&raquo; custom_padding_last_edited=&raquo;on|phone&raquo; global_colors_info=&raquo;{%22gcid-3f47e762-ddb9-4bcc-9a88-eb1cda6175db%22:%91%93}&raquo;][et_pb_text _builder_version=&raquo;4.19.4&#8243; _module_preset=&raquo;90865f4d-2cce-42a7-b40e-d3fbad25605a&raquo; header_2_font=&raquo;Roboto||||||||&raquo; header_2_text_color=&raquo;#FFFFFF&raquo; header_2_font_size=&raquo;60px&raquo; header_2_line_height=&raquo;1.2em&raquo; background_layout=&raquo;dark&raquo; module_alignment=&raquo;right&raquo; custom_margin=&raquo;||0px||false|false&raquo; header_2_font_size_tablet=&raquo;32px&raquo; header_2_font_size_phone=&raquo;20px&raquo; header_2_font_size_last_edited=&raquo;on|tablet&raquo; header_2_line_height_tablet=&raquo;1.3em&raquo; header_2_line_height_phone=&raquo;1.4em&raquo; header_2_line_height_last_edited=&raquo;on|phone&raquo; global_colors_info=&raquo;{%22gcid-3f47e762-ddb9-4bcc-9a88-eb1cda6175db%22:%91%93}&raquo; header_2_text_color__hover_enabled=&raquo;off|desktop&raquo;]<\/p>\n<h2>Gj\u00f8r ditt dr\u00f8mmebryllup virkelighet<\/h2>\n<p>[\/et_pb_text][et_pb_accordion open_toggle_background_color=&raquo;RGBA(0,0,0,0)&raquo; closed_toggle_background_color=&raquo;RGBA(0,0,0,0)&raquo; icon_color=&raquo;#141414&#8243; _builder_version=&raquo;4.19.4&#8243; _module_preset=&raquo;default&raquo; toggle_font=&raquo;Prata||||||||&raquo; toggle_font_size=&raquo;22px&raquo; toggle_line_height=&raquo;1.4em&raquo; body_font=&raquo;Lato||||||||&raquo; body_font_size=&raquo;16px&raquo; body_line_height=&raquo;1.8em&raquo; max_width=&raquo;700px&raquo; module_alignment=&raquo;center&raquo; toggle_font_size_tablet=&raquo;18px&raquo; toggle_font_size_phone=&raquo;16px&raquo; toggle_font_size_last_edited=&raquo;on|desktop&raquo; toggle_line_height_tablet=&raquo;1.6em&raquo; toggle_line_height_phone=&raquo;&raquo; toggle_line_height_last_edited=&raquo;on|desktop&raquo; body_font_size_tablet=&raquo;15px&raquo; body_font_size_phone=&raquo;14px&raquo; body_font_size_last_edited=&raquo;on|phone&raquo; border_width_all=&raquo;0px&raquo; border_color_all=&raquo;rgba(20,20,20,0.3)&raquo; border_width_bottom=&raquo;1px&raquo; global_colors_info=&raquo;{%22gcid-9452e02f-d11f-42fc-a9f8-16803f93b5d0%22:%91%93,%22gcid-3f47e762-ddb9-4bcc-9a88-eb1cda6175db%22:%91%93}&raquo;][et_pb_accordion_item open=&raquo;on&raquo; _builder_version=&raquo;4.19.4&#8243; _module_preset=&raquo;default&raquo; body_text_align=&raquo;justify&raquo; body_text_color=&raquo;#FFFFFF&raquo; global_colors_info=&raquo;{}&raquo;]<\/p>\n<p>Go4it Events tar seg av alt dere trenger til deres store dag for og sikre en uforglemmelig bryllup og at alt g\u00e5r etter planen.<\/p>\n<p>Vi arrangerer alt som for eksempel:<\/p>\n<ul>\n<li>Finne perfekte lokalisasjonen<\/li>\n<li>Transport<\/li>\n<li>Catering<\/li>\n<li>Dekorasjon<\/li>\n<li>Musikk og underholdning<\/li>\n<li>H\u00e5r og sminke<\/li>\n<li>Negler og vipper<\/li>\n<li>Fotograf og photobooth<\/li>\n<\/ul>\n<p>Og mye mer da hvert bryllup er en verden og alt blir organisert etter deres \u00f8nsker.<\/p>\n<p>&nbsp;<\/p>\n<p>&nbsp;<\/p>\n<p>[\/et_pb_accordion_item][\/et_pb_accordion][\/et_pb_column][\/et_pb_row][\/et_pb_section][et_pb_section fb_built=&raquo;1&#8243; admin_label=&raquo;Gallery&raquo; _builder_version=&raquo;4.17.3&#8243; _module_preset=&raquo;default&raquo; collapsed=&raquo;on&raquo; global_colors_info=&raquo;{}&raquo;][et_pb_row column_structure=&raquo;2_5,3_5&#8243; make_equal=&raquo;on&raquo; _builder_version=&raquo;4.17.3&#8243; _module_preset=&raquo;default&raquo; global_colors_info=&raquo;{}&raquo;][et_pb_column type=&raquo;2_5&#8243; _builder_version=&raquo;4.17.3&#8243; _module_preset=&raquo;default&raquo; global_colors_info=&raquo;{}&raquo;][et_pb_text _builder_version=&raquo;4.19.4&#8243; _module_preset=&raquo;b327cbe4-b1d5-4b66-ad37-40c8f2f061ba&raquo; header_2_font=&raquo;Inter|700|||||||&raquo; header_2_text_color=&raquo;#000000&#8243; header_2_font_size=&raquo;48px&raquo; header_2_line_height=&raquo;1.2em&raquo; custom_margin=&raquo;||0px||false|false&raquo; header_2_font_size_tablet=&raquo;32px&raquo; header_2_font_size_phone=&raquo;20px&raquo; header_2_font_size_last_edited=&raquo;on|desktop&raquo; global_colors_info=&raquo;{}&raquo;]<\/p>\n<h2>Vi arrangerer deres bryllup<\/h2>\n<p>[\/et_pb_text][et_pb_image src=&raquo;https:\/\/www.go4itevents.com\/wp-content\/uploads\/event-espacio.png&raquo; title_text=&raquo;event-espacio&raquo; _builder_version=&raquo;4.19.4&#8243; _module_preset=&raquo;default&raquo; global_colors_info=&raquo;{}&raquo;][\/et_pb_image][et_pb_text _builder_version=&raquo;4.19.4&#8243; _module_preset=&raquo;1f09816e-184e-4ce5-a4cf-b39c52c423ca&raquo; text_font=&raquo;Open Sans||||||||&raquo; text_text_color=&raquo;#000000&#8243; text_font_size=&raquo;16px&raquo; text_line_height=&raquo;1.8em&raquo; text_orientation=&raquo;justified&raquo; text_font_size_tablet=&raquo;15px&raquo; text_font_size_phone=&raquo;14px&raquo; text_font_size_last_edited=&raquo;on|phone&raquo; header_font_size_tablet=&raquo;55px&raquo; header_font_size_last_edited=&raquo;off|desktop&raquo; global_colors_info=&raquo;{}&raquo;]<\/p>\n<p>Med mer en 10 \u00e5rs erfaring har vi en portef\u00f8lje med de beste for og garantere dere med profesjonalitet og kvalitet.<\/p>\n<p>[\/et_pb_text][\/et_pb_column][et_pb_column type=&raquo;3_5&#8243; _builder_version=&raquo;4.17.3&#8243; _module_preset=&raquo;default&raquo; custom_padding=&raquo;||16%||false|false&raquo; global_colors_info=&raquo;{}&raquo;][et_pb_text _builder_version=&raquo;4.19.4&#8243; _module_preset=&raquo;4c43b4b6-66bf-432d-959a-705bda24a650&#8243; text_font=&raquo;Roboto||||||||&raquo; text_text_color=&raquo;#FFFFFF&raquo; text_font_size=&raquo;16px&raquo; text_line_height=&raquo;1.6em&raquo; background_color=&raquo;#9e3f90&#8243; position_origin_a=&raquo;center_left&raquo; z_index=&raquo;1&#8243; position_origin_a_tablet=&raquo;center_left&raquo; position_origin_a_phone=&raquo;center_left&raquo; position_origin_a_last_edited=&raquo;off|desktop&raquo; position_origin_f_last_edited=&raquo;off|desktop&raquo; position_origin_r_last_edited=&raquo;off|desktop&raquo; width_phone=&raquo;80%&raquo; width_last_edited=&raquo;off|tablet&raquo; max_width=&raquo;350px&raquo; custom_padding=&raquo;20px|20px|20px|20px|true|true&raquo; header_font_size_tablet=&raquo;55px&raquo; header_font_size_last_edited=&raquo;off|desktop&raquo; positioning_tablet=&raquo;none&raquo; positioning_phone=&raquo;none&raquo; positioning_last_edited=&raquo;off|desktop&raquo; global_colors_info=&raquo;{}&raquo; width__hover_enabled=&raquo;off|desktop&raquo;]<\/p>\n<p>Vi er tilstede fra begynnelse til slutt for \u00e5 s\u00f8rge for at alt g\u00e5r perfekt<\/p>\n<p>[\/et_pb_text][et_pb_image src=&raquo;https:\/\/www.go4itevents.com\/wp-content\/uploads\/cuadro-bodas-charlotte.jpg&raquo; title_text=&raquo;cuadro-bodas-charlotte&raquo; align=&raquo;right&raquo; _builder_version=&raquo;4.19.4&#8243; _module_preset=&raquo;default&raquo; positioning=&raquo;absolute&raquo; position_origin_a=&raquo;bottom_right&raquo; width=&raquo;68%&raquo; custom_margin=&raquo;||||false|false&raquo; custom_margin_tablet=&raquo;0px||||false|false&raquo; custom_margin_phone=&raquo;0px||||false|false&raquo; custom_margin_last_edited=&raquo;off|desktop&raquo; custom_padding=&raquo;||||false|false&raquo; global_colors_info=&raquo;{}&raquo;][\/et_pb_image][\/et_pb_column][\/et_pb_row][et_pb_row column_structure=&raquo;2_5,3_5&#8243; _builder_version=&raquo;4.17.3&#8243; _module_preset=&raquo;default&raquo; global_colors_info=&raquo;{}&raquo;][et_pb_column type=&raquo;2_5&#8243; _builder_version=&raquo;4.17.3&#8243; _module_preset=&raquo;default&raquo; global_colors_info=&raquo;{}&raquo;][et_pb_image src=&raquo;https:\/\/www.go4itevents.com\/wp-content\/uploads\/banner-bodas-3b.jpg&raquo; title_text=&raquo;banner-bodas-3b&raquo; _builder_version=&raquo;4.19.4&#8243; _module_preset=&raquo;default&raquo; global_colors_info=&raquo;{}&raquo;][\/et_pb_image][\/et_pb_column][et_pb_column type=&raquo;3_5&#8243; _builder_version=&raquo;4.17.3&#8243; _module_preset=&raquo;default&raquo; global_colors_info=&raquo;{}&raquo;][et_pb_image src=&raquo;https:\/\/www.go4itevents.com\/wp-content\/uploads\/banner-bodas-1.jpg&raquo; title_text=&raquo;banner-bodas-1&#8243; _builder_version=&raquo;4.19.4&#8243; _module_preset=&raquo;default&raquo; custom_margin=&raquo;||80px||false|false&raquo; custom_margin_tablet=&raquo;||30px||false|false&raquo; custom_margin_phone=&raquo;||30px||false|false&raquo; custom_margin_last_edited=&raquo;on|phone&raquo; global_colors_info=&raquo;{}&raquo;][\/et_pb_image][et_pb_text _builder_version=&raquo;4.19.4&#8243; _module_preset=&raquo;1f09816e-184e-4ce5-a4cf-b39c52c423ca&raquo; text_font=&raquo;Open Sans||||||||&raquo; text_text_color=&raquo;#000000&#8243; text_font_size=&raquo;16px&raquo; text_line_height=&raquo;1.8em&raquo; text_orientation=&raquo;justified&raquo; text_font_size_tablet=&raquo;15px&raquo; text_font_size_phone=&raquo;14px&raquo; text_font_size_last_edited=&raquo;on|phone&raquo; header_font_size_tablet=&raquo;55px&raquo; header_font_size_last_edited=&raquo;off|desktop&raquo; global_colors_info=&raquo;{}&raquo;]<\/p>\n<p>Vi tar vare p\u00e5 hvert minste detaljer slik at dere f\u00e5r den beste dagen i deres liv.<\/p>\n<p>[\/et_pb_text][\/et_pb_column][\/et_pb_row][et_pb_row _builder_version=&raquo;4.19.4&#8243; _module_preset=&raquo;default&raquo; global_colors_info=&raquo;{}&raquo;][et_pb_column type=&raquo;4_4&#8243; _builder_version=&raquo;4.19.4&#8243; _module_preset=&raquo;default&raquo; global_colors_info=&raquo;{}&raquo;][et_pb_text _builder_version=&raquo;4.19.4&#8243; _module_preset=&raquo;b327cbe4-b1d5-4b66-ad37-40c8f2f061ba&raquo; header_2_font=&raquo;Inter|700|||||||&raquo; header_2_text_color=&raquo;#000000&#8243; header_2_font_size=&raquo;48px&raquo; header_2_line_height=&raquo;1.2em&raquo; custom_margin=&raquo;||0px||false|false&raquo; header_2_font_size_tablet=&raquo;32px&raquo; header_2_font_size_phone=&raquo;20px&raquo; header_2_font_size_last_edited=&raquo;on|desktop&raquo; global_colors_info=&raquo;{}&raquo;]<\/p>\n<h2 style=\"text-align: center;\">Bilder av noen av mange bryllup vi har arrangert<\/h2>\n<p>[\/et_pb_text][\/et_pb_column][\/et_pb_row][et_pb_row _builder_version=&raquo;4.19.4&#8243; _module_preset=&raquo;default&raquo; global_colors_info=&raquo;{}&raquo;][et_pb_column type=&raquo;4_4&#8243; _builder_version=&raquo;4.19.4&#8243; _module_preset=&raquo;default&raquo; global_colors_info=&raquo;{}&raquo;][et_pb_gallery gallery_ids=&raquo;556,559,562,565,568,571,574,577,580,583,586,589,592,595,598,601,637,640,643,646,649,604,607,610,613,616,619,622,625,628&#8243; gallery_orderby=&raquo;rand&raquo; posts_number=&raquo;8&#8243; show_title_and_caption=&raquo;off&raquo; _builder_version=&raquo;4.19.4&#8243; _module_preset=&raquo;default&raquo; global_colors_info=&raquo;{}&raquo;][\/et_pb_gallery][\/et_pb_column][\/et_pb_row][et_pb_row _builder_version=&raquo;4.19.4&#8243; _module_preset=&raquo;default&raquo; box_shadow_style=&raquo;preset3&#8243; global_colors_info=&raquo;{}&raquo;][et_pb_column type=&raquo;4_4&#8243; _builder_version=&raquo;4.19.4&#8243; _module_preset=&raquo;default&raquo; global_colors_info=&raquo;{}&raquo;][et_pb_text _builder_version=&raquo;4.19.4&#8243; _module_preset=&raquo;b327cbe4-b1d5-4b66-ad37-40c8f2f061ba&raquo; header_2_font=&raquo;Inter|700|||||||&raquo; header_2_text_color=&raquo;#000000&#8243; header_2_font_size=&raquo;48px&raquo; header_2_line_height=&raquo;1.2em&raquo; custom_margin=&raquo;||0px||false|false&raquo; header_2_font_size_tablet=&raquo;32px&raquo; header_2_font_size_phone=&raquo;20px&raquo; header_2_font_size_last_edited=&raquo;on|desktop&raquo; global_colors_info=&raquo;{}&raquo;]<\/p>\n<h3 style=\"text-align: center;\">For og se flere bilder kan dere bes\u00f8ke v\u00e5r <a href=\"https:\/\/www.facebook.com\/BryllupSpania\/photos\" target=\"_blank\" rel=\"noopener\">Facebook<\/a> side eller <a href=\"https:\/\/instagram.com\/charlotte_go4itevents_spain?igshid=YmMyMTA2M2Y=\" target=\"_blank\" rel=\"noopener\">Instagram<\/a><\/h3>\n<p>[\/et_pb_text][et_pb_social_media_follow _builder_version=&raquo;4.19.4&#8243; _module_preset=&raquo;default&raquo; text_orientation=&raquo;center&raquo; global_colors_info=&raquo;{}&raquo;][et_pb_social_media_follow_network social_network=&raquo;facebook&raquo; url=&raquo;https:\/\/www.facebook.com\/BryllupSpania\/photos&raquo; _builder_version=&raquo;4.19.4&#8243; _module_preset=&raquo;default&raquo; background_color=&raquo;#3b5998&#8243; global_colors_info=&raquo;{}&raquo;]facebook[\/et_pb_social_media_follow_network][et_pb_social_media_follow_network social_network=&raquo;instagram&raquo; url=&raquo;https:\/\/instagram.com\/charlotte_go4itevents_spain?igshid=YmMyMTA2M2Y=&raquo; _builder_version=&raquo;4.19.4&#8243; _module_preset=&raquo;default&raquo; background_color=&raquo;#ea2c59&#8243; global_colors_info=&raquo;{}&raquo;]instagram[\/et_pb_social_media_follow_network][\/et_pb_social_media_follow][\/et_pb_column][\/et_pb_row][\/et_pb_section]<\/p>\n","protected":false},"excerpt":{"rendered":"<p>Bryllups arrang\u00f8rFull organisering av bryllup Vi tar oss av all forberedelse av deres dr\u00f8mmebryllup i Spania for at dere skal v\u00e6re i trygge hender&#8230;..Gj\u00f8r ditt dr\u00f8mmebryllup virkelighetGo4it Events tar seg av alt dere trenger til deres store dag for og sikre en uforglemmelig bryllup og at alt g\u00e5r etter planen. Vi arrangerer alt som for [&hellip;]<\/p>\n","protected":false},"author":3,"featured_media":0,"parent":0,"menu_order":0,"comment_status":"closed","ping_status":"closed","template":"","meta":{"_et_pb_use_builder":"on","_et_pb_old_content":"","_et_gb_content_width":"","footnotes":""},"class_list":["post-850","page","type-page","status-publish","hentry"],"_links":{"self":[{"href":"https:\/\/www.go4itevents.com\/nn-no\/wp-json\/wp\/v2\/pages\/850","targetHints":{"allow":["GET"]}}],"collection":[{"href":"https:\/\/www.go4itevents.com\/nn-no\/wp-json\/wp\/v2\/pages"}],"about":[{"href":"https:\/\/www.go4itevents.com\/nn-no\/wp-json\/wp\/v2\/types\/page"}],"author":[{"embeddable":true,"href":"https:\/\/www.go4itevents.com\/nn-no\/wp-json\/wp\/v2\/users\/3"}],"replies":[{"embeddable":true,"href":"https:\/\/www.go4itevents.com\/nn-no\/wp-json\/wp\/v2\/comments?post=850"}],"version-history":[{"count":0,"href":"https:\/\/www.go4itevents.com\/nn-no\/wp-json\/wp\/v2\/pages\/850\/revisions"}],"wp:attachment":[{"href":"https:\/\/www.go4itevents.com\/nn-no\/wp-json\/wp\/v2\/media?parent=850"}],"curies":[{"name":"wp","href":"https:\/\/api.w.org\/{rel}","templated":true}]}}