{"id":844,"date":"2023-01-05T11:25:01","date_gmt":"2023-01-05T10:25:01","guid":{"rendered":"https:\/\/www.go4itevents.com\/go4itevents-din-eventplanlegger-i-spania\/"},"modified":"2025-11-21T09:38:18","modified_gmt":"2025-11-21T08:38:18","slug":"go4itevents-din-eventplanlegger-i-spania","status":"publish","type":"page","link":"https:\/\/www.go4itevents.com\/nn-no\/","title":{"rendered":"Go4it Events &#8211; Events Organisasjon"},"content":{"rendered":"<p>[et_pb_section fb_built=&raquo;1&#8243; custom_padding_last_edited=&raquo;off|tablet&raquo; admin_label=&raquo;Header&raquo; _builder_version=&raquo;4.19.4&#8243; _module_preset=&raquo;default&raquo; background_enable_color=&raquo;off&raquo; use_background_color_gradient=&raquo;on&raquo; background_color_gradient_direction=&raquo;90deg&raquo; background_color_gradient_stops=&raquo;#8300e9 0%|rgba(0,0,0,0) 100%&raquo; background_color_gradient_overlays_image=&raquo;on&raquo; background_color_gradient_start=&raquo;#8300e9&#8243; background_color_gradient_end=&raquo;rgba(0,0,0,0)&raquo; background_image=&raquo;https:\/\/www.go4itevents.com\/wp-content\/uploads\/banner-principal-1.jpg&raquo; custom_padding=&raquo;10vw||0px||false|false&raquo; custom_padding_tablet=&raquo;||||false|false&raquo; top_divider_style=&raquo;wave&raquo; top_divider_color=&raquo;#000000&#8243; top_divider_height=&raquo;20px&raquo; top_divider_flip=&raquo;horizontal&raquo; global_colors_info=&raquo;{}&raquo;][et_pb_row _builder_version=&raquo;4.16&#8243; _module_preset=&raquo;default&raquo; global_colors_info=&raquo;{}&raquo;][et_pb_column type=&raquo;4_4&#8243; _builder_version=&raquo;4.16&#8243; _module_preset=&raquo;default&raquo; global_colors_info=&raquo;{}&raquo;][et_pb_text _builder_version=&raquo;4.22.1&#8243; _module_preset=&raquo;e598b17a-9229-42f6-b238-019d6094332e&raquo; header_font=&raquo;Roboto|500|||||||&raquo; header_text_color=&raquo;#FFFFFF&raquo; header_font_size=&raquo;80px&raquo; header_line_height=&raquo;1.15em&raquo; max_width=&raquo;800px&raquo; header_font_size_tablet=&raquo;40px&raquo; header_font_size_phone=&raquo;24px&raquo; header_font_size_last_edited=&raquo;on|desktop&raquo; locked=&raquo;off&raquo; global_colors_info=&raquo;{}&raquo;]<\/p>\n<h1>Go4it Events<\/h1>\n<p>[\/et_pb_text][et_pb_text _builder_version=&raquo;4.22.1&#8243; _module_preset=&raquo;e598b17a-9229-42f6-b238-019d6094332e&raquo; header_font=&raquo;Roboto|500|||||||&raquo; header_text_color=&raquo;#FFFFFF&raquo; header_font_size=&raquo;80px&raquo; header_line_height=&raquo;1.15em&raquo; header_2_text_color=&raquo;#FFFFFF&raquo; max_width=&raquo;800px&raquo; header_font_size_tablet=&raquo;40px&raquo; header_font_size_phone=&raquo;24px&raquo; header_font_size_last_edited=&raquo;on|desktop&raquo; locked=&raquo;off&raquo; global_colors_info=&raquo;{}&raquo;]<\/p>\n<h2>Organisasjon av hendelser<\/h2>\n<p>[\/et_pb_text][\/et_pb_column][\/et_pb_row][et_pb_row column_structure=&raquo;1_2,1_2&#8243; use_custom_gutter=&raquo;on&raquo; gutter_width=&raquo;1&#8243; make_equal=&raquo;on&raquo; _builder_version=&raquo;4.19.4&#8243; _module_preset=&raquo;default&raquo; width=&raquo;100%&raquo; max_width=&raquo;100%&raquo; custom_margin=&raquo;6vw||||false|false&raquo; custom_margin_tablet=&raquo;0px||||false|false&raquo; custom_margin_last_edited=&raquo;off|desktop&raquo; custom_padding=&raquo;0px||0px||true|false&raquo; global_colors_info=&raquo;{}&raquo;][et_pb_column type=&raquo;1_2&#8243; _builder_version=&raquo;4.16&#8243; _module_preset=&raquo;default&raquo; background_color=&raquo;rgba(31,63,168,0.8)&raquo; background_image=&raquo;https:\/\/www.go4itevents.com\/wp-content\/uploads\/high-school_50.png&raquo; background_size=&raquo;initial&raquo; background_position=&raquo;top_left&raquo; background_repeat=&raquo;repeat-x&raquo; custom_padding=&raquo;60px|30px|40px|30px|false|true&raquo; custom_padding_tablet=&raquo;40px|20px|20px|20px|false|true&raquo; custom_padding_phone=&raquo;40px|20px|20px|20px|false|true&raquo; custom_padding_last_edited=&raquo;on|desktop&raquo; global_colors_info=&raquo;{}&raquo;][et_pb_text _builder_version=&raquo;4.19.4&#8243; _module_preset=&raquo;38128ce4-78a8-4c45-b3ff-f4fb37f074f0&#8243; header_font=&raquo;||||||||&raquo; header_4_font=&raquo;Roboto|500|||||||&raquo; header_4_text_color=&raquo;#FFFFFF&raquo; header_4_line_height=&raquo;1.5em&raquo; header_4_font_size_tablet=&raquo;16px&raquo; header_4_font_size_phone=&raquo;14px&raquo; header_4_font_size_last_edited=&raquo;on|tablet&raquo; locked=&raquo;off&raquo; global_colors_info=&raquo;{}&raquo;]<\/p>\n<h4>Firma arrangementer<\/h4>\n<p>[\/et_pb_text][et_pb_text _builder_version=&raquo;4.19.4&#8243; _module_preset=&raquo;7262e956-c376-4aa6-9642-c413f71527d0&#8243; text_text_color=&raquo;#FFFFFF&raquo; text_line_height=&raquo;1.8em&raquo; header_font_size_tablet=&raquo;55px&raquo; header_font_size_last_edited=&raquo;off|desktop&raquo; locked=&raquo;off&raquo; global_colors_info=&raquo;{}&raquo;]<\/p>\n<p>Alle typer organisasjon av bedriftsarrangementer i Spania som Kick-off, incitamenter, produktpresentasjoner, teambygging, messe og mye mer.<\/p>\n<p>[\/et_pb_text][et_pb_image src=&raquo;https:\/\/www.go4itevents.com\/wp-content\/uploads\/high-school_26.png&raquo; alt=&raquo;Mer info&raquo; title_text=&raquo;Mer info&raquo; url=&raquo;@ET-DC@eyJkeW5hbWljIjp0cnVlLCJjb250ZW50IjoicG9zdF9saW5rX3VybF9wYWdlIiwic2V0dGluZ3MiOnsicG9zdF9pZCI6IjYwIiwiZW5hYmxlX2h0bWwiOiJvZmYifX0=@&raquo; admin_label=&raquo;Bot\u00f3n siguiente&raquo; _builder_version=&raquo;4.22.1&#8243; _dynamic_attributes=&raquo;url&raquo; _module_preset=&raquo;default&raquo; custom_margin=&raquo;20px||||false|false&raquo; locked=&raquo;off&raquo; global_colors_info=&raquo;{}&raquo;][\/et_pb_image][\/et_pb_column][et_pb_column type=&raquo;1_2&#8243; _builder_version=&raquo;4.16&#8243; _module_preset=&raquo;default&raquo; background_color=&raquo;rgba(242,55,170,0.8)&raquo; background_image=&raquo;https:\/\/www.go4itevents.com\/wp-content\/uploads\/high-school_50.png&raquo; background_size=&raquo;initial&raquo; background_position=&raquo;top_left&raquo; background_repeat=&raquo;repeat-x&raquo; custom_padding=&raquo;60px|30px|40px|30px|false|true&raquo; custom_padding_tablet=&raquo;40px|20px|20px|20px|false|true&raquo; custom_padding_phone=&raquo;40px|20px|20px|20px|false|true&raquo; custom_padding_last_edited=&raquo;on|desktop&raquo; global_colors_info=&raquo;{}&raquo;][et_pb_text _builder_version=&raquo;4.19.4&#8243; _module_preset=&raquo;38128ce4-78a8-4c45-b3ff-f4fb37f074f0&#8243; header_font=&raquo;||||||||&raquo; header_4_font=&raquo;Roboto|500|||||||&raquo; header_4_text_color=&raquo;#FFFFFF&raquo; header_4_line_height=&raquo;1.5em&raquo; header_4_font_size_tablet=&raquo;16px&raquo; header_4_font_size_phone=&raquo;14px&raquo; header_4_font_size_last_edited=&raquo;on|tablet&raquo; locked=&raquo;off&raquo; global_colors_info=&raquo;{}&raquo;]<\/p>\n<h4>Bryllupsorganisasjon<\/h4>\n<p>[\/et_pb_text][et_pb_text _builder_version=&raquo;4.19.4&#8243; _module_preset=&raquo;7262e956-c376-4aa6-9642-c413f71527d0&#8243; text_text_color=&raquo;#FFFFFF&raquo; text_line_height=&raquo;1.8em&raquo; header_font_size_tablet=&raquo;55px&raquo; header_font_size_last_edited=&raquo;off|desktop&raquo; locked=&raquo;off&raquo; global_colors_info=&raquo;{}&raquo;]<\/p>\n<p>Go4it Hendelser tar vare p\u00e5 alt du trenger for din store dag, for \u00e5 sikre at det er en uforglemmelig opplevelse.<\/p>\n<p>[\/et_pb_text][et_pb_image src=&raquo;https:\/\/www.go4itevents.com\/wp-content\/uploads\/high-school_26.png&raquo; alt=&raquo;Mer info&raquo; title_text=&raquo;Mer info&raquo; url=&raquo;@ET-DC@eyJkeW5hbWljIjp0cnVlLCJjb250ZW50IjoicG9zdF9saW5rX3VybF9wYWdlIiwic2V0dGluZ3MiOnsicG9zdF9pZCI6Ijc3IiwiZW5hYmxlX2h0bWwiOiJvZmYifX0=@&raquo; admin_label=&raquo;Bot\u00f3n mas info&raquo; _builder_version=&raquo;4.22.1&#8243; _dynamic_attributes=&raquo;url&raquo; _module_preset=&raquo;default&raquo; custom_margin=&raquo;20px||||false|false&raquo; locked=&raquo;off&raquo; global_colors_info=&raquo;{}&raquo;][\/et_pb_image][\/et_pb_column][\/et_pb_row][\/et_pb_section][et_pb_section fb_built=&raquo;1&#8243; admin_label=&raquo;Header&raquo; _builder_version=&raquo;4.19.4&#8243; _module_preset=&raquo;default&raquo; background_color=&raquo;gcid-f53bea2f-11b6-47b2-a970-343c85385294&#8243; use_background_color_gradient=&raquo;on&raquo; background_color_gradient_stops=&raquo;rgba(0,0,0,0) 0%|gcid-f53bea2f-11b6-47b2-a970-343c85385294 100%&raquo; background_color_gradient_overlays_image=&raquo;on&raquo; background_image=&raquo;https:\/\/www.go4itevents.com\/wp-content\/uploads\/banner-evento-5.jpg&raquo; custom_padding=&raquo;16vw||16vw||true|false&raquo; collapsed=&raquo;off&raquo; global_colors_info=&raquo;{%22gcid-f53bea2f-11b6-47b2-a970-343c85385294%22:%91%22background_color%22,%22background_color_gradient_stops%22%93}&raquo;][et_pb_row _builder_version=&raquo;4.18.0&#8243; _module_preset=&raquo;default&raquo; max_width=&raquo;750px&raquo; global_colors_info=&raquo;{}&raquo;][et_pb_column type=&raquo;4_4&#8243; _builder_version=&raquo;4.18.0&#8243; _module_preset=&raquo;default&raquo; global_colors_info=&raquo;{}&raquo;][et_pb_text _builder_version=&raquo;4.27.4&#8243; _module_preset=&raquo;b327cbe4-b1d5-4b66-ad37-40c8f2f061ba&raquo; text_text_color=&raquo;#FFFFFF&raquo; text_font_size=&raquo;78px&raquo; text_line_height=&raquo;1em&raquo; header_2_font=&raquo;Roboto||||||||&raquo; header_2_text_color=&raquo;#FFFFFF&raquo; header_2_font_size=&raquo;70px&raquo; header_2_line_height=&raquo;1.2em&raquo; text_orientation=&raquo;center&raquo; hover_enabled=&raquo;0&#8243; header_2_font_size_tablet=&raquo;32px&raquo; header_2_font_size_phone=&raquo;24px&raquo; header_2_font_size_last_edited=&raquo;on|tablet&raquo; global_colors_info=&raquo;{}&raquo; sticky_enabled=&raquo;0&#8243;]<\/p>\n<p>Siden 2011<\/p>\n<p>[\/et_pb_text][\/et_pb_column][\/et_pb_row][et_pb_row _builder_version=&raquo;4.27.2&#8243; _module_preset=&raquo;default&raquo; global_colors_info=&raquo;{}&raquo;][et_pb_column type=&raquo;4_4&#8243; _builder_version=&raquo;4.27.2&#8243; _module_preset=&raquo;default&raquo; global_colors_info=&raquo;{}&raquo;][et_pb_image src=&raquo;https:\/\/www.go4itevents.com\/wp-content\/uploads\/2023\/01\/gio4itevents-logo.jpg&raquo; alt=&raquo;organisering av hendelser&raquo; title_text=&raquo;organisering av hendelser&raquo; align=&raquo;center&raquo; _builder_version=&raquo;4.27.2&#8243; _module_preset=&raquo;default&raquo; width=&raquo;46%&raquo; filter_opacity=&raquo;58%&raquo; border_width_all=&raquo;7px&raquo; border_color_all=&raquo;#FFFFFF&raquo; global_colors_info=&raquo;{}&raquo;][\/et_pb_image][\/et_pb_column][\/et_pb_row][\/et_pb_section][et_pb_section fb_built=&raquo;1&#8243; admin_label=&raquo;About&raquo; _builder_version=&raquo;4.18.0&#8243; _module_preset=&raquo;default&raquo; background_color=&raquo;gcid-f53bea2f-11b6-47b2-a970-343c85385294&#8243; collapsed=&raquo;off&raquo; global_colors_info=&raquo;{%22gcid-f53bea2f-11b6-47b2-a970-343c85385294%22:%91%22background_color%22%93}&raquo;][et_pb_row _builder_version=&raquo;4.18.0&#8243; _module_preset=&raquo;default&raquo; global_colors_info=&raquo;{}&raquo;][et_pb_column type=&raquo;4_4&#8243; _builder_version=&raquo;4.18.0&#8243; _module_preset=&raquo;default&raquo; custom_padding_tablet=&raquo;||30px||false|false&raquo; custom_padding_phone=&raquo;||30px||false|false&raquo; custom_padding_last_edited=&raquo;on|tablet&raquo; global_colors_info=&raquo;{}&raquo;][et_pb_text _builder_version=&raquo;4.27.0&#8243; _module_preset=&raquo;518880c8-46c7-4ffa-b5a6-93ffa99dcc17&#8243; text_font=&raquo;Roboto|300|||||||&raquo; text_text_color=&raquo;#FFFFFF&raquo; text_font_size=&raquo;18px&raquo; text_line_height=&raquo;1.65em&raquo; text_orientation=&raquo;justified&raquo; text_font_size_tablet=&raquo;16px&raquo; text_font_size_phone=&raquo;14px&raquo; text_font_size_last_edited=&raquo;on|desktop&raquo; global_colors_info=&raquo;{}&raquo;]<a href=\"https:\/\/www.go4itevents.com\/nn-no\/organisering-av-firma-arrangementer\/\"><\/a>Velkommen til Go4it Events! Et internasjonalt <a href=\"https:\/\/www.go4itevents.com\/nn-no\/organisering-av-firma-arrangementer\/\">eventbyr\u00e5<\/a> som ikke bare leverer tjenester i Spania, men ogs\u00e5 utenlands. Med et bredt portef\u00f8lje av alle typer kunder og selskaper fra hele verden, gir deres mange \u00e5rs erfaring i bransjen kunden total sikkerhet og profesjonalitet.<\/p>\n<p>Hos GO4itEvents bidrar vi med en rekke ideer og forslag, utarbeider tilpassede budsjetter, utarbeider hele programmet, tilbyr utmerket service, tar oss av alle reservasjoner og koordinerer arrangementet p\u00e5 stedet fra start til slutt.<\/p>\n<p>Spesialister p\u00e5 alle typer mikro- og makroarrangementer: <a href=\"https:\/\/www.go4itevents.com\/nn-no\/organisering-av-firma-arrangementer\/\">Konferanser\/kongresser, produktpresentasjoner,<\/a> teambuilding, incentivreiser, forretningsreiser, messer, skreddersydde gruppereiser, private utflukter, <a href=\"https:\/\/www.go4itevents.com\/nn-no\/bryllupsorganisasjon\/\">bryllup<\/a>, private fester og mye mer.<\/p>\n<p>NVi vil gi deg en unik og uforglemmelig opplevelse&#8230;[\/et_pb_text][\/et_pb_column][\/et_pb_row][\/et_pb_section]<\/p>\n","protected":false},"excerpt":{"rendered":"<p>I go4it-arrangementene finner du et selskap som er ansvarlig for \u00e5 organisere arrangementer.<\/p>\n","protected":false},"author":3,"featured_media":0,"parent":0,"menu_order":0,"comment_status":"closed","ping_status":"closed","template":"","meta":{"_et_pb_use_builder":"on","_et_pb_old_content":"","_et_gb_content_width":"","footnotes":""},"class_list":["post-844","page","type-page","status-publish","hentry"],"_links":{"self":[{"href":"https:\/\/www.go4itevents.com\/nn-no\/wp-json\/wp\/v2\/pages\/844","targetHints":{"allow":["GET"]}}],"collection":[{"href":"https:\/\/www.go4itevents.com\/nn-no\/wp-json\/wp\/v2\/pages"}],"about":[{"href":"https:\/\/www.go4itevents.com\/nn-no\/wp-json\/wp\/v2\/types\/page"}],"author":[{"embeddable":true,"href":"https:\/\/www.go4itevents.com\/nn-no\/wp-json\/wp\/v2\/users\/3"}],"replies":[{"embeddable":true,"href":"https:\/\/www.go4itevents.com\/nn-no\/wp-json\/wp\/v2\/comments?post=844"}],"version-history":[{"count":2,"href":"https:\/\/www.go4itevents.com\/nn-no\/wp-json\/wp\/v2\/pages\/844\/revisions"}],"predecessor-version":[{"id":1233,"href":"https:\/\/www.go4itevents.com\/nn-no\/wp-json\/wp\/v2\/pages\/844\/revisions\/1233"}],"wp:attachment":[{"href":"https:\/\/www.go4itevents.com\/nn-no\/wp-json\/wp\/v2\/media?parent=844"}],"curies":[{"name":"wp","href":"https:\/\/api.w.org\/{rel}","templated":true}]}}